{"id":30,"date":"2025-06-26T14:38:41","date_gmt":"2025-06-26T14:38:41","guid":{"rendered":"https:\/\/haarasenmaki.fi\/?page_id=30"},"modified":"2025-06-26T14:38:41","modified_gmt":"2025-06-26T14:38:41","slug":"yhteystiedot","status":"publish","type":"page","link":"https:\/\/haarasenmaki.fi\/index.php\/yhteystiedot\/","title":{"rendered":"Yhteystiedot"},"content":{"rendered":"<div class=\"wp-block-image is-style-rounded\">\n<figure class=\"alignright size-large is-resized\"><img loading=\"lazy\" decoding=\"async\" width=\"1024\" height=\"577\" src=\"https:\/\/haarasenmaki.fi\/wp-content\/uploads\/2025\/06\/P1029903-1024x577.jpg\" alt=\"\" class=\"wp-image-129\" style=\"width:516px;height:auto\" srcset=\"https:\/\/haarasenmaki.fi\/wp-content\/uploads\/2025\/06\/P1029903-1024x577.jpg 1024w, https:\/\/haarasenmaki.fi\/wp-content\/uploads\/2025\/06\/P1029903-300x169.jpg 300w, https:\/\/haarasenmaki.fi\/wp-content\/uploads\/2025\/06\/P1029903-768x433.jpg 768w, https:\/\/haarasenmaki.fi\/wp-content\/uploads\/2025\/06\/P1029903-1536x865.jpg 1536w, https:\/\/haarasenmaki.fi\/wp-content\/uploads\/2025\/06\/P1029903-2048x1154.jpg 2048w\" sizes=\"auto, (max-width: 1024px) 100vw, 1024px\" \/><\/figure>\n<\/div>\n\n\n<p>Osoite: <strong>Haarasenm\u00e4entie 127, 41260 Hoikankyl\u00e4<\/strong><\/p>\n\n\n\n<p>Saarij\u00e4rvi, Keski-Suomi, Finland<\/p>\n\n\n\n<p>puh. 040-7644463<\/p>\n\n\n\n<p>yhteydenotot:<strong> info@haarasenmaki.fi<\/strong><\/p>\n\n\n\n<p>www.haarasenmaki.fi<\/p>\n","protected":false},"excerpt":{"rendered":"<p>Osoite: Haarasenm\u00e4entie 127, 41260 Hoikankyl\u00e4 Saarij\u00e4rvi, Keski-Suomi, Finland puh. 040-7644463 yhteydenotot: info@haarasenmaki.fi www.haarasenmaki.fi<\/p>\n","protected":false},"author":1,"featured_media":0,"parent":0,"menu_order":0,"comment_status":"closed","ping_status":"closed","template":"","meta":{"_kadence_starter_templates_imported_post":false,"_kad_post_transparent":"","_kad_post_title":"","_kad_post_layout":"","_kad_post_sidebar_id":"","_kad_post_content_style":"","_kad_post_vertical_padding":"","_kad_post_feature":"","_kad_post_feature_position":"","_kad_post_header":false,"_kad_post_footer":false,"footnotes":""},"class_list":["post-30","page","type-page","status-publish","hentry"],"jetpack_sharing_enabled":true,"_links":{"self":[{"href":"https:\/\/haarasenmaki.fi\/index.php\/wp-json\/wp\/v2\/pages\/30","targetHints":{"allow":["GET"]}}],"collection":[{"href":"https:\/\/haarasenmaki.fi\/index.php\/wp-json\/wp\/v2\/pages"}],"about":[{"href":"https:\/\/haarasenmaki.fi\/index.php\/wp-json\/wp\/v2\/types\/page"}],"author":[{"embeddable":true,"href":"https:\/\/haarasenmaki.fi\/index.php\/wp-json\/wp\/v2\/users\/1"}],"replies":[{"embeddable":true,"href":"https:\/\/haarasenmaki.fi\/index.php\/wp-json\/wp\/v2\/comments?post=30"}],"version-history":[{"count":3,"href":"https:\/\/haarasenmaki.fi\/index.php\/wp-json\/wp\/v2\/pages\/30\/revisions"}],"predecessor-version":[{"id":142,"href":"https:\/\/haarasenmaki.fi\/index.php\/wp-json\/wp\/v2\/pages\/30\/revisions\/142"}],"wp:attachment":[{"href":"https:\/\/haarasenmaki.fi\/index.php\/wp-json\/wp\/v2\/media?parent=30"}],"curies":[{"name":"wp","href":"https:\/\/api.w.org\/{rel}","templated":true}]}}