{"id":31,"date":"2025-06-26T14:59:27","date_gmt":"2025-06-26T14:59:27","guid":{"rendered":"https:\/\/haarasenmaki.fi\/?page_id=31"},"modified":"2025-06-26T14:59:27","modified_gmt":"2025-06-26T14:59:27","slug":"saara-ja-ilmo","status":"publish","type":"page","link":"https:\/\/haarasenmaki.fi\/index.php\/saara-ja-ilmo\/","title":{"rendered":"Saara ja Ilmo"},"content":{"rendered":"\n<p><\/p>\n\n\n\n<h2 class=\"wp-block-heading has-text-align-center\">                                                       Saara ja Ilmo Pylv\u00e4n\u00e4inen<\/h2>\n\n\n<div class=\"wp-block-image\">\n<figure class=\"aligncenter size-full\"><img loading=\"lazy\" decoding=\"async\" width=\"658\" height=\"492\" src=\"https:\/\/haarasenmaki.fi\/wp-content\/uploads\/2025\/06\/Skannaus_20250618.jpg\" alt=\"\" class=\"wp-image-136\" srcset=\"https:\/\/haarasenmaki.fi\/wp-content\/uploads\/2025\/06\/Skannaus_20250618.jpg 658w, https:\/\/haarasenmaki.fi\/wp-content\/uploads\/2025\/06\/Skannaus_20250618-300x224.jpg 300w\" sizes=\"auto, (max-width: 658px) 100vw, 658px\" \/><figcaption class=\"wp-element-caption\">Saara ja Ilmo valittiin vuonna 2006 ensimm\u00e4isen\u00e4 pariskuntana Saarij\u00e4rven Paavoiksi.<\/figcaption><\/figure>\n<\/div>\n\n\n<p><\/p>\n\n\n\n<p class=\"has-text-align-center\"><strong>Saara Pylv\u00e4n\u00e4inen<\/strong><\/p>\n\n\n\n<p>Saara Pylv\u00e4n\u00e4inen (os. Hautsalo) syntyi 19.9.1936 Viitasaaren Niinilahdessa. Saara valmistui Jyv\u00e4skyl\u00e4st\u00e4 kasvatusopillisesta korkeakoulusta (JKK) kansakoulun opettajaksi 1959 ja siirtyi aviomiehens\u00e4 Ilmon kanssa Palom\u00e4en koululle tehden siell\u00e4 yhdess\u00e4 koko ty\u00f6uransa. Saara suoritti kuvaamataidon erikoistumisopinnot Turussa 1960-luvulla ja tekstiility\u00f6n erikoistumisopinnot Jyv\u00e4skyl\u00e4ss\u00e4 1970-luvulla. Saara ja Ilmo ostivat Haarasenm\u00e4en maatilan vuonna 1971.<\/p>\n\n\n\n<div class=\"wp-block-group\"><div class=\"wp-block-group__inner-container is-layout-constrained wp-block-group-is-layout-constrained\">\n<figure class=\"wp-block-gallery aligncenter has-nested-images columns-0 is-cropped is-style-circle wp-block-gallery-1 is-layout-flex wp-block-gallery-is-layout-flex\">\n<figure class=\"wp-block-image size-large\"><img loading=\"lazy\" decoding=\"async\" width=\"829\" height=\"1024\" data-id=\"223\" src=\"https:\/\/haarasenmaki.fi\/wp-content\/uploads\/2025\/06\/kurkipari-829x1024.jpg\" alt=\"\" class=\"wp-image-223\" srcset=\"https:\/\/haarasenmaki.fi\/wp-content\/uploads\/2025\/06\/kurkipari-829x1024.jpg 829w, https:\/\/haarasenmaki.fi\/wp-content\/uploads\/2025\/06\/kurkipari-243x300.jpg 243w, https:\/\/haarasenmaki.fi\/wp-content\/uploads\/2025\/06\/kurkipari-768x949.jpg 768w, https:\/\/haarasenmaki.fi\/wp-content\/uploads\/2025\/06\/kurkipari-1243x1536.jpg 1243w, https:\/\/haarasenmaki.fi\/wp-content\/uploads\/2025\/06\/kurkipari-1658x2048.jpg 1658w\" sizes=\"auto, (max-width: 829px) 100vw, 829px\" \/><\/figure>\n\n\n\n<figure class=\"wp-block-image size-large\"><img loading=\"lazy\" decoding=\"async\" width=\"1024\" height=\"1024\" data-id=\"224\" src=\"https:\/\/haarasenmaki.fi\/wp-content\/uploads\/2025\/06\/linnut-turvassa-1024x1024.jpg\" alt=\"\" class=\"wp-image-224\" srcset=\"https:\/\/haarasenmaki.fi\/wp-content\/uploads\/2025\/06\/linnut-turvassa-1024x1024.jpg 1024w, https:\/\/haarasenmaki.fi\/wp-content\/uploads\/2025\/06\/linnut-turvassa-300x300.jpg 300w, https:\/\/haarasenmaki.fi\/wp-content\/uploads\/2025\/06\/linnut-turvassa-150x150.jpg 150w, https:\/\/haarasenmaki.fi\/wp-content\/uploads\/2025\/06\/linnut-turvassa-768x768.jpg 768w, https:\/\/haarasenmaki.fi\/wp-content\/uploads\/2025\/06\/linnut-turvassa-1536x1536.jpg 1536w, https:\/\/haarasenmaki.fi\/wp-content\/uploads\/2025\/06\/linnut-turvassa-2048x2048.jpg 2048w\" sizes=\"auto, (max-width: 1024px) 100vw, 1024px\" \/><figcaption class=\"wp-element-caption\">Turvassa<\/figcaption><\/figure>\n\n\n\n<figure class=\"wp-block-image size-large\"><img loading=\"lazy\" decoding=\"async\" width=\"1024\" height=\"577\" data-id=\"208\" src=\"https:\/\/haarasenmaki.fi\/wp-content\/uploads\/2025\/06\/P1018421-1024x577.jpg\" alt=\"\" class=\"wp-image-208\" srcset=\"https:\/\/haarasenmaki.fi\/wp-content\/uploads\/2025\/06\/P1018421-1024x577.jpg 1024w, https:\/\/haarasenmaki.fi\/wp-content\/uploads\/2025\/06\/P1018421-300x169.jpg 300w, https:\/\/haarasenmaki.fi\/wp-content\/uploads\/2025\/06\/P1018421-768x433.jpg 768w, https:\/\/haarasenmaki.fi\/wp-content\/uploads\/2025\/06\/P1018421-1536x865.jpg 1536w, https:\/\/haarasenmaki.fi\/wp-content\/uploads\/2025\/06\/P1018421-2048x1154.jpg 2048w\" sizes=\"auto, (max-width: 1024px) 100vw, 1024px\" \/><figcaption class=\"wp-element-caption\">Piikkana<\/figcaption><\/figure>\n\n\n\n<figure class=\"wp-block-image size-large\"><img loading=\"lazy\" decoding=\"async\" width=\"1024\" height=\"577\" data-id=\"209\" src=\"https:\/\/haarasenmaki.fi\/wp-content\/uploads\/2025\/06\/P1018430-1024x577.jpg\" alt=\"\" class=\"wp-image-209\" srcset=\"https:\/\/haarasenmaki.fi\/wp-content\/uploads\/2025\/06\/P1018430-1024x577.jpg 1024w, https:\/\/haarasenmaki.fi\/wp-content\/uploads\/2025\/06\/P1018430-300x169.jpg 300w, https:\/\/haarasenmaki.fi\/wp-content\/uploads\/2025\/06\/P1018430-768x433.jpg 768w, https:\/\/haarasenmaki.fi\/wp-content\/uploads\/2025\/06\/P1018430-1536x865.jpg 1536w, https:\/\/haarasenmaki.fi\/wp-content\/uploads\/2025\/06\/P1018430-2048x1154.jpg 2048w\" sizes=\"auto, (max-width: 1024px) 100vw, 1024px\" \/><figcaption class=\"wp-element-caption\">Piikkana<\/figcaption><\/figure>\n\n\n\n<figure class=\"wp-block-image size-large\"><img loading=\"lazy\" decoding=\"async\" width=\"906\" height=\"1024\" data-id=\"228\" src=\"https:\/\/haarasenmaki.fi\/wp-content\/uploads\/2025\/06\/perhoset-pieni-mustavalko-sini-906x1024.jpg\" alt=\"\" class=\"wp-image-228\" srcset=\"https:\/\/haarasenmaki.fi\/wp-content\/uploads\/2025\/06\/perhoset-pieni-mustavalko-sini-906x1024.jpg 906w, https:\/\/haarasenmaki.fi\/wp-content\/uploads\/2025\/06\/perhoset-pieni-mustavalko-sini-265x300.jpg 265w, https:\/\/haarasenmaki.fi\/wp-content\/uploads\/2025\/06\/perhoset-pieni-mustavalko-sini-768x868.jpg 768w, https:\/\/haarasenmaki.fi\/wp-content\/uploads\/2025\/06\/perhoset-pieni-mustavalko-sini-1358x1536.jpg 1358w, https:\/\/haarasenmaki.fi\/wp-content\/uploads\/2025\/06\/perhoset-pieni-mustavalko-sini-1811x2048.jpg 1811w, https:\/\/haarasenmaki.fi\/wp-content\/uploads\/2025\/06\/perhoset-pieni-mustavalko-sini.jpg 1912w\" sizes=\"auto, (max-width: 906px) 100vw, 906px\" \/><figcaption class=\"wp-element-caption\">Perhoset -sarjaa<\/figcaption><\/figure>\n\n\n\n<figure class=\"wp-block-image size-large\"><img loading=\"lazy\" decoding=\"async\" width=\"1024\" height=\"1024\" data-id=\"227\" src=\"https:\/\/haarasenmaki.fi\/wp-content\/uploads\/2025\/06\/perhoset-isot-mustavalko-1024x1024.jpg\" alt=\"\" class=\"wp-image-227\" srcset=\"https:\/\/haarasenmaki.fi\/wp-content\/uploads\/2025\/06\/perhoset-isot-mustavalko-1024x1024.jpg 1024w, https:\/\/haarasenmaki.fi\/wp-content\/uploads\/2025\/06\/perhoset-isot-mustavalko-300x300.jpg 300w, https:\/\/haarasenmaki.fi\/wp-content\/uploads\/2025\/06\/perhoset-isot-mustavalko-150x150.jpg 150w, https:\/\/haarasenmaki.fi\/wp-content\/uploads\/2025\/06\/perhoset-isot-mustavalko-768x768.jpg 768w, https:\/\/haarasenmaki.fi\/wp-content\/uploads\/2025\/06\/perhoset-isot-mustavalko-1536x1536.jpg 1536w, https:\/\/haarasenmaki.fi\/wp-content\/uploads\/2025\/06\/perhoset-isot-mustavalko-2048x2048.jpg 2048w\" sizes=\"auto, (max-width: 1024px) 100vw, 1024px\" \/><figcaption class=\"wp-element-caption\">Perhoset -sarjaa<\/figcaption><\/figure>\n\n\n\n<figure class=\"wp-block-image size-large\"><img loading=\"lazy\" decoding=\"async\" width=\"1024\" height=\"912\" data-id=\"226\" src=\"https:\/\/haarasenmaki.fi\/wp-content\/uploads\/2025\/06\/pehoset-2-sinipuna-1024x912.jpg\" alt=\"\" class=\"wp-image-226\" srcset=\"https:\/\/haarasenmaki.fi\/wp-content\/uploads\/2025\/06\/pehoset-2-sinipuna-1024x912.jpg 1024w, https:\/\/haarasenmaki.fi\/wp-content\/uploads\/2025\/06\/pehoset-2-sinipuna-300x267.jpg 300w, https:\/\/haarasenmaki.fi\/wp-content\/uploads\/2025\/06\/pehoset-2-sinipuna-768x684.jpg 768w, https:\/\/haarasenmaki.fi\/wp-content\/uploads\/2025\/06\/pehoset-2-sinipuna-1536x1368.jpg 1536w, https:\/\/haarasenmaki.fi\/wp-content\/uploads\/2025\/06\/pehoset-2-sinipuna-2048x1823.jpg 2048w\" sizes=\"auto, (max-width: 1024px) 100vw, 1024px\" \/><figcaption class=\"wp-element-caption\">Perhoset -sarjaa<\/figcaption><\/figure>\n\n\n\n<figure class=\"wp-block-image size-large\"><img loading=\"lazy\" decoding=\"async\" width=\"846\" height=\"1024\" data-id=\"222\" src=\"https:\/\/haarasenmaki.fi\/wp-content\/uploads\/2025\/06\/enkelitaulu-1-846x1024.jpg\" alt=\"\" class=\"wp-image-222\" srcset=\"https:\/\/haarasenmaki.fi\/wp-content\/uploads\/2025\/06\/enkelitaulu-1-846x1024.jpg 846w, https:\/\/haarasenmaki.fi\/wp-content\/uploads\/2025\/06\/enkelitaulu-1-248x300.jpg 248w, https:\/\/haarasenmaki.fi\/wp-content\/uploads\/2025\/06\/enkelitaulu-1-768x930.jpg 768w, https:\/\/haarasenmaki.fi\/wp-content\/uploads\/2025\/06\/enkelitaulu-1-1269x1536.jpg 1269w, https:\/\/haarasenmaki.fi\/wp-content\/uploads\/2025\/06\/enkelitaulu-1-1692x2048.jpg 1692w\" sizes=\"auto, (max-width: 846px) 100vw, 846px\" \/><figcaption class=\"wp-element-caption\">Enkeli -sarjaa<\/figcaption><\/figure>\n\n\n\n<figure class=\"wp-block-image size-large\"><img loading=\"lazy\" decoding=\"async\" width=\"843\" height=\"1024\" data-id=\"225\" src=\"https:\/\/haarasenmaki.fi\/wp-content\/uploads\/2025\/06\/naistuomarit-kolme-843x1024.jpg\" alt=\"\" class=\"wp-image-225\" srcset=\"https:\/\/haarasenmaki.fi\/wp-content\/uploads\/2025\/06\/naistuomarit-kolme-843x1024.jpg 843w, https:\/\/haarasenmaki.fi\/wp-content\/uploads\/2025\/06\/naistuomarit-kolme-247x300.jpg 247w, https:\/\/haarasenmaki.fi\/wp-content\/uploads\/2025\/06\/naistuomarit-kolme-768x933.jpg 768w, https:\/\/haarasenmaki.fi\/wp-content\/uploads\/2025\/06\/naistuomarit-kolme-1264x1536.jpg 1264w, https:\/\/haarasenmaki.fi\/wp-content\/uploads\/2025\/06\/naistuomarit-kolme-1686x2048.jpg 1686w\" sizes=\"auto, (max-width: 843px) 100vw, 843px\" \/><figcaption class=\"wp-element-caption\">Naistuomarit<\/figcaption><\/figure>\n\n\n\n<figure class=\"wp-block-image size-large\"><img loading=\"lazy\" decoding=\"async\" width=\"1024\" height=\"577\" data-id=\"210\" src=\"https:\/\/haarasenmaki.fi\/wp-content\/uploads\/2025\/06\/P1018465-1024x577.jpg\" alt=\"\" class=\"wp-image-210\" srcset=\"https:\/\/haarasenmaki.fi\/wp-content\/uploads\/2025\/06\/P1018465-1024x577.jpg 1024w, https:\/\/haarasenmaki.fi\/wp-content\/uploads\/2025\/06\/P1018465-300x169.jpg 300w, https:\/\/haarasenmaki.fi\/wp-content\/uploads\/2025\/06\/P1018465-768x433.jpg 768w, https:\/\/haarasenmaki.fi\/wp-content\/uploads\/2025\/06\/P1018465-1536x865.jpg 1536w, https:\/\/haarasenmaki.fi\/wp-content\/uploads\/2025\/06\/P1018465-2048x1154.jpg 2048w\" sizes=\"auto, (max-width: 1024px) 100vw, 1024px\" \/><figcaption class=\"wp-element-caption\">Piikkana<\/figcaption><\/figure>\n<\/figure>\n<\/div><\/div>\n\n\n\n<p>Saara kehitti oman tavan tehd\u00e4 sein\u00e4tekstiilej\u00e4 ja sai 1970-luvulla tavaramerkkisuojan <strong>Piikkana<\/strong>-tekstiileille (c). Piikkana-tekstiilien ohessa Saara ryhtyi maalaamaan tauluja 1980-luvun lopulla. Maalauksissa on paljon luontoaiheisia teoksia, joiden aiheet ovat kummunneet lapsuuden muistoista. J\u00e4\u00e4ty\u00e4\u00e4n el\u00e4kkeelle Saara ryhtyi p\u00e4\u00e4toimiseksi taiteilijaksi. Saaran taidetta on edelleen n\u00e4ht\u00e4vill\u00e4 Haarasenm\u00e4en pihapiirin rakennuksissa.<\/p>\n\n\n\n<p><\/p>\n\n\n\n<p class=\"has-text-align-center\"><strong>Ilmo Pylv\u00e4n\u00e4inen<\/strong><\/p>\n\n\n\n<p>Ilmo Pylv\u00e4n\u00e4inen syntyi 14.11.1935 J\u00e4ppil\u00e4n pit\u00e4j\u00e4ss\u00e4. Ilmo opiskeli Jyv\u00e4skyl\u00e4n kasvatusopillisessa korkeakoulussa (JKK) kansakoulun opettajaksi samalla vuosikurssilla Saaran kanssa. Valmistuttuaan h\u00e4n teki koko opettajauran Palom\u00e4en koululla vaimonsa Saaran kanssa.<\/p>\n\n\n\n<p>Hankittuaan Haarasenm\u00e4en maatilan vuonna 1971 Ilmo laajensi ker\u00e4ilyharrastuksiaan koskemaan my\u00f6s Haarasenm\u00e4en laajaa maatalousesineist\u00f6\u00e4. Kokoelmia on n\u00e4ht\u00e4vill\u00e4 Haarasenm\u00e4en pihapiirin rakennuksissa.<\/p>\n\n\n\n<figure class=\"wp-block-gallery has-nested-images columns-default is-cropped wp-block-gallery-2 is-layout-flex wp-block-gallery-is-layout-flex\">\n<figure class=\"wp-block-image size-large\"><img loading=\"lazy\" decoding=\"async\" width=\"960\" height=\"636\" data-id=\"175\" src=\"https:\/\/haarasenmaki.fi\/wp-content\/uploads\/2025\/06\/493151387_3142773102544611_6826545564069656781_n.jpg\" alt=\"\" class=\"wp-image-175\" srcset=\"https:\/\/haarasenmaki.fi\/wp-content\/uploads\/2025\/06\/493151387_3142773102544611_6826545564069656781_n.jpg 960w, https:\/\/haarasenmaki.fi\/wp-content\/uploads\/2025\/06\/493151387_3142773102544611_6826545564069656781_n-300x199.jpg 300w, https:\/\/haarasenmaki.fi\/wp-content\/uploads\/2025\/06\/493151387_3142773102544611_6826545564069656781_n-768x509.jpg 768w\" sizes=\"auto, (max-width: 960px) 100vw, 960px\" \/><figcaption class=\"wp-element-caption\">Ker\u00e4ilyesineit\u00e4<\/figcaption><\/figure>\n\n\n\n<figure class=\"wp-block-image size-large\"><img loading=\"lazy\" decoding=\"async\" width=\"636\" height=\"960\" data-id=\"180\" src=\"https:\/\/haarasenmaki.fi\/wp-content\/uploads\/2025\/06\/493930978_3144129015742353_8265476813262314853_n.jpg\" alt=\"\" class=\"wp-image-180\" srcset=\"https:\/\/haarasenmaki.fi\/wp-content\/uploads\/2025\/06\/493930978_3144129015742353_8265476813262314853_n.jpg 636w, https:\/\/haarasenmaki.fi\/wp-content\/uploads\/2025\/06\/493930978_3144129015742353_8265476813262314853_n-199x300.jpg 199w\" sizes=\"auto, (max-width: 636px) 100vw, 636px\" \/><figcaption class=\"wp-element-caption\">Talon vanhoja lapioita<\/figcaption><\/figure>\n\n\n\n<figure class=\"wp-block-image size-large\"><img loading=\"lazy\" decoding=\"async\" width=\"960\" height=\"636\" data-id=\"173\" src=\"https:\/\/haarasenmaki.fi\/wp-content\/uploads\/2025\/06\/492748957_3144129265742328_6000724386498442780_n.jpg\" alt=\"\" class=\"wp-image-173\" srcset=\"https:\/\/haarasenmaki.fi\/wp-content\/uploads\/2025\/06\/492748957_3144129265742328_6000724386498442780_n.jpg 960w, https:\/\/haarasenmaki.fi\/wp-content\/uploads\/2025\/06\/492748957_3144129265742328_6000724386498442780_n-300x199.jpg 300w, https:\/\/haarasenmaki.fi\/wp-content\/uploads\/2025\/06\/492748957_3144129265742328_6000724386498442780_n-768x509.jpg 768w\" sizes=\"auto, (max-width: 960px) 100vw, 960px\" \/><figcaption class=\"wp-element-caption\">Suutarin tekem\u00e4 lastenkenk\u00e4<\/figcaption><\/figure>\n\n\n\n<figure class=\"wp-block-image size-large\"><img loading=\"lazy\" decoding=\"async\" width=\"960\" height=\"636\" data-id=\"177\" src=\"https:\/\/haarasenmaki.fi\/wp-content\/uploads\/2025\/06\/493313853_3142773012544620_7942272151101243335_n.jpg\" alt=\"\" class=\"wp-image-177\" srcset=\"https:\/\/haarasenmaki.fi\/wp-content\/uploads\/2025\/06\/493313853_3142773012544620_7942272151101243335_n.jpg 960w, https:\/\/haarasenmaki.fi\/wp-content\/uploads\/2025\/06\/493313853_3142773012544620_7942272151101243335_n-300x199.jpg 300w, https:\/\/haarasenmaki.fi\/wp-content\/uploads\/2025\/06\/493313853_3142773012544620_7942272151101243335_n-768x509.jpg 768w\" sizes=\"auto, (max-width: 960px) 100vw, 960px\" \/><figcaption class=\"wp-element-caption\">Hevosk\u00e4rryt<\/figcaption><\/figure>\n\n\n\n<figure class=\"wp-block-image size-large\"><img loading=\"lazy\" decoding=\"async\" width=\"960\" height=\"636\" data-id=\"187\" src=\"https:\/\/haarasenmaki.fi\/wp-content\/uploads\/2025\/06\/494109878_3144129312408990_3011694472860235437_n.jpg\" alt=\"\" class=\"wp-image-187\" srcset=\"https:\/\/haarasenmaki.fi\/wp-content\/uploads\/2025\/06\/494109878_3144129312408990_3011694472860235437_n.jpg 960w, https:\/\/haarasenmaki.fi\/wp-content\/uploads\/2025\/06\/494109878_3144129312408990_3011694472860235437_n-300x199.jpg 300w, https:\/\/haarasenmaki.fi\/wp-content\/uploads\/2025\/06\/494109878_3144129312408990_3011694472860235437_n-768x509.jpg 768w\" sizes=\"auto, (max-width: 960px) 100vw, 960px\" \/><\/figure>\n\n\n\n<figure class=\"wp-block-image size-large\"><img loading=\"lazy\" decoding=\"async\" width=\"1024\" height=\"577\" data-id=\"211\" src=\"https:\/\/haarasenmaki.fi\/wp-content\/uploads\/2025\/06\/P1018487-1024x577.jpg\" alt=\"\" class=\"wp-image-211\" srcset=\"https:\/\/haarasenmaki.fi\/wp-content\/uploads\/2025\/06\/P1018487-1024x577.jpg 1024w, https:\/\/haarasenmaki.fi\/wp-content\/uploads\/2025\/06\/P1018487-300x169.jpg 300w, https:\/\/haarasenmaki.fi\/wp-content\/uploads\/2025\/06\/P1018487-768x433.jpg 768w, https:\/\/haarasenmaki.fi\/wp-content\/uploads\/2025\/06\/P1018487-1536x865.jpg 1536w, https:\/\/haarasenmaki.fi\/wp-content\/uploads\/2025\/06\/P1018487-2048x1154.jpg 2048w\" sizes=\"auto, (max-width: 1024px) 100vw, 1024px\" \/><\/figure>\n<\/figure>\n\n\n\n<p><\/p>\n","protected":false},"excerpt":{"rendered":"<p>Saara ja Ilmo Pylv\u00e4n\u00e4inen Saara Pylv\u00e4n\u00e4inen Saara Pylv\u00e4n\u00e4inen (os. Hautsalo) syntyi 19.9.1936 Viitasaaren Niinilahdessa. Saara valmistui Jyv\u00e4skyl\u00e4st\u00e4 kasvatusopillisesta korkeakoulusta (JKK) kansakoulun opettajaksi 1959 ja siirtyi aviomiehens\u00e4 Ilmon kanssa Palom\u00e4en koululle tehden siell\u00e4 yhdess\u00e4 koko ty\u00f6uransa. Saara suoritti kuvaamataidon erikoistumisopinnot Turussa 1960-luvulla ja tekstiility\u00f6n erikoistumisopinnot Jyv\u00e4skyl\u00e4ss\u00e4 1970-luvulla. Saara ja Ilmo ostivat Haarasenm\u00e4en maatilan vuonna 1971. Saara&#8230;<\/p>\n","protected":false},"author":1,"featured_media":0,"parent":0,"menu_order":0,"comment_status":"closed","ping_status":"closed","template":"","meta":{"_kadence_starter_templates_imported_post":false,"_kad_post_transparent":"","_kad_post_title":"","_kad_post_layout":"","_kad_post_sidebar_id":"","_kad_post_content_style":"","_kad_post_vertical_padding":"","_kad_post_feature":"","_kad_post_feature_position":"","_kad_post_header":false,"_kad_post_footer":false,"footnotes":""},"class_list":["post-31","page","type-page","status-publish","hentry"],"jetpack_sharing_enabled":true,"_links":{"self":[{"href":"https:\/\/haarasenmaki.fi\/index.php\/wp-json\/wp\/v2\/pages\/31","targetHints":{"allow":["GET"]}}],"collection":[{"href":"https:\/\/haarasenmaki.fi\/index.php\/wp-json\/wp\/v2\/pages"}],"about":[{"href":"https:\/\/haarasenmaki.fi\/index.php\/wp-json\/wp\/v2\/types\/page"}],"author":[{"embeddable":true,"href":"https:\/\/haarasenmaki.fi\/index.php\/wp-json\/wp\/v2\/users\/1"}],"replies":[{"embeddable":true,"href":"https:\/\/haarasenmaki.fi\/index.php\/wp-json\/wp\/v2\/comments?post=31"}],"version-history":[{"count":10,"href":"https:\/\/haarasenmaki.fi\/index.php\/wp-json\/wp\/v2\/pages\/31\/revisions"}],"predecessor-version":[{"id":268,"href":"https:\/\/haarasenmaki.fi\/index.php\/wp-json\/wp\/v2\/pages\/31\/revisions\/268"}],"wp:attachment":[{"href":"https:\/\/haarasenmaki.fi\/index.php\/wp-json\/wp\/v2\/media?parent=31"}],"curies":[{"name":"wp","href":"https:\/\/api.w.org\/{rel}","templated":true}]}}