{"id":45,"date":"2025-06-26T14:59:27","date_gmt":"2025-06-26T14:59:27","guid":{"rendered":"https:\/\/haarasenmaki.fi\/?page_id=45"},"modified":"2025-07-05T09:42:58","modified_gmt":"2025-07-05T09:42:58","slug":"lapsille","status":"publish","type":"page","link":"https:\/\/haarasenmaki.fi\/index.php\/lapsille\/","title":{"rendered":"Lapsille"},"content":{"rendered":"\n<h2 class=\"wp-block-heading has-text-align-center\">        <strong>Tervetuloa Haarasenm\u00e4en Maskottipihaan!<\/strong><\/h2>\n\n\n\n<p class=\"has-text-align-center\">                                                                                          Paikkaan, jossa luonto her\u00e4\u00e4 eloon ja hymy on herk\u00e4ss\u00e4.<\/p>\n\n\n\n<p class=\"has-text-align-center\">T\u00e4\u00e4ll\u00e4 sinua odottavat mets\u00e4n veikeimm\u00e4t asukkaat omissa pikkutaloissaan: Reima -kettu , Sulo -susi ja Urho-karhu! N\u00e4m\u00e4 kaverit ovat aina valmiina pehmoisiin haleihin, hassutteluun ja yhteisiin seikkailuihin. Kurkista sis\u00e4lle pieniin taloihin ja tule leikkim\u00e4\u00e4n yhdess\u00e4!<\/p>\n\n\n\n<p class=\"has-text-align-center\">Maskottipihasta l\u00f6ytyy <a href=\"https:\/\/www.youtube.com\/watch?v=dyUGDW8iLX4\" data-type=\"link\" data-id=\"https:\/\/www.youtube.com\/watch?v=dyUGDW8iLX4\">Mauri Muikun teht\u00e4v\u00e4polku<\/a>, trampoliini, v\u00e4rityskuvia ja paljon muuta!<\/p>\n\n\n<div class=\"wp-block-image is-style-rounded\">\n<figure class=\"aligncenter size-large\"><img loading=\"lazy\" decoding=\"async\" width=\"1024\" height=\"1024\" src=\"https:\/\/haarasenmaki.fi\/wp-content\/uploads\/2025\/06\/Kapalamaen-mainos-1024x1024.jpg\" alt=\"\" class=\"wp-image-145\" srcset=\"https:\/\/haarasenmaki.fi\/wp-content\/uploads\/2025\/06\/Kapalamaen-mainos-1024x1024.jpg 1024w, https:\/\/haarasenmaki.fi\/wp-content\/uploads\/2025\/06\/Kapalamaen-mainos-300x300.jpg 300w, https:\/\/haarasenmaki.fi\/wp-content\/uploads\/2025\/06\/Kapalamaen-mainos-150x150.jpg 150w, https:\/\/haarasenmaki.fi\/wp-content\/uploads\/2025\/06\/Kapalamaen-mainos-768x768.jpg 768w, https:\/\/haarasenmaki.fi\/wp-content\/uploads\/2025\/06\/Kapalamaen-mainos-1536x1536.jpg 1536w, https:\/\/haarasenmaki.fi\/wp-content\/uploads\/2025\/06\/Kapalamaen-mainos-2048x2048.jpg 2048w\" sizes=\"auto, (max-width: 1024px) 100vw, 1024px\" \/><\/figure>\n<\/div>\n\n\n<h3 class=\"wp-block-heading has-text-align-center\"><strong>&nbsp;&nbsp;Ota hauskat kuvat muistoksi reissusta hahmojen kanssa!&nbsp;<\/strong><\/h3>\n\n\n\n<p class=\"has-text-align-center\">&nbsp;&nbsp;&nbsp;&nbsp;&nbsp;T\u00e4g\u00e4\u00e4 meid\u00e4t somessa:&nbsp;&nbsp;#haarasenm\u00e4ki #k\u00e4p\u00e4l\u00e4m\u00e4ki #maskottipiha<\/p>\n\n\n\n<p><\/p>\n\n\n\n<h2 class=\"wp-block-heading has-text-align-center\"><strong>HAHMOT<\/strong><\/h2>\n\n\n\n<h3 class=\"wp-block-heading has-text-align-center\">Kettu: Reima R\u00e4pp\u00e4n\u00e4<\/h3>\n\n\n\n<p><strong>Reima <\/strong>on vilkas ja vikkel\u00e4 kettu, joka viihtyy mainiosti m\u00f6kiss\u00e4\u00e4n, joka nimens\u00e4 mukaisesti on aina v\u00e4h\u00e4n rempallaan. T\u00e4\u00e4ll\u00e4 h\u00e4n harjoittelee nopeita liikkeit\u00e4\u00e4n ja kurkistelee ikkunasta, kuka seuraavaksi saapuu pihaan leikkim\u00e4\u00e4n. Reimalla on aina pient\u00e4 kettumaista oveluutta suunnitteilla Sulon ja Urhon p\u00e4\u00e4n menoksi, mutta vain ja ainoastaan hauskassa mieless\u00e4!<\/p>\n\n\n\n<h3 class=\"wp-block-heading has-text-align-center\">Susi: Sulo Savunen<\/h3>\n\n\n\n<p><strong>Sulo<\/strong>n tunnistaa pehme\u00e4st\u00e4 savun harmaasta turkistaan. Sulo tutkii mielell\u00e4\u00e4n iltaisin t\u00e4hti\u00e4 ja tykk\u00e4\u00e4 aina silloin t\u00e4ll\u00f6in k\u00e4yd\u00e4 y\u00f6k\u00e4velyll\u00e4 l\u00e4himets\u00e4ss\u00e4. Susia pidet\u00e4\u00e4n usein vaarallisina el\u00e4imin\u00e4, mutta \u00e4l\u00e4 huoli, Sulo on maailman yst\u00e4v\u00e4llisin susi, jonka tulet koskaan tapaamaan \u2013 h\u00e4n odottaa innolla yhteisi\u00e4 halauksia ja hauskoja hetki\u00e4!<\/p>\n\n\n\n<h3 class=\"wp-block-heading has-text-align-center\">Karhu: Urho Sammalmets\u00e4<\/h3>\n\n\n\n<p><strong>Urho <\/strong>on rauhallinen, iso ja pehmoinen karhu. Sukunimens\u00e4 h\u00e4n on saanut, kun h\u00e4nen lempipuuhaansa on nukkua tihe\u00e4ss\u00e4 kuusimets\u00e4ss\u00e4 muhkeiden sammalpeitteisten m\u00e4tt\u00e4iden p\u00e4\u00e4ll\u00e4. Urho on oikea herkkusuu ja siksi h\u00e4n suunnitteleekin aina juhlia ja kestej\u00e4, johon ovat kaikki tervetulleita! Milt\u00e4 kuullostaisi iso l\u00e4ttypino siirapin, kermavaahdon ja mustikoiden kera!<\/p>\n\n\n\n<h2 class=\"wp-block-heading has-text-align-center\">Mauri Muikku<\/h2>\n\n\n\n<p class=\"has-text-align-center\"><strong>Mauri <\/strong>on kunnon mets\u00e4mies. H\u00e4nen kiinnostuksenaan on kaikki luontoon liittyv\u00e4 ja siksi h\u00e4n kertookin mielell\u00e4\u00e4n luonnon ihmeist\u00e4 muille. Mets\u00e4nvihre\u00e4ss\u00e4 asussa, hyttyshattuneen h\u00e4n maastoutuu hyvinkin mets\u00e4n uumeniin.<\/p>\n\n\n\n<p class=\"has-text-align-center\"> Osaatko jo sin\u00e4 Maurin sanat: &#8221;Tervepp\u00e4 terve, min\u00e4 olen Mauri Muikku!&#8221;<\/p>\n\n\n\n<hr class=\"wp-block-separator has-alpha-channel-opacity\"\/>\n\n\n\n<h3 class=\"wp-block-heading has-text-align-center\">Tapaa K\u00e4p\u00e4l\u00e4m\u00e4en hahmot!<\/h3>\n\n\n\n<p class=\"has-text-align-center\">Haluaisitko tavata iloiset K\u00e4p\u00e4l\u00e4m\u00e4en hahmot? Heid\u00e4n tarkennetut tapaamis- ja seikkailuajat n\u00e4et k\u00e4tev\u00e4sti paikan p\u00e4\u00e4ll\u00e4. Tervetuloa mukaan hauskoihin hetkiin!<\/p>\n\n\n\n<p><\/p>\n\n\n<div class=\"wp-block-image\">\n<figure class=\"aligncenter size-medium\"><img loading=\"lazy\" decoding=\"async\" width=\"300\" height=\"300\" src=\"https:\/\/haarasenmaki.fi\/wp-content\/uploads\/2025\/06\/susi-ja-kettu-300x300.jpg\" alt=\"\" class=\"wp-image-216\" srcset=\"https:\/\/haarasenmaki.fi\/wp-content\/uploads\/2025\/06\/susi-ja-kettu-300x300.jpg 300w, https:\/\/haarasenmaki.fi\/wp-content\/uploads\/2025\/06\/susi-ja-kettu-1024x1024.jpg 1024w, https:\/\/haarasenmaki.fi\/wp-content\/uploads\/2025\/06\/susi-ja-kettu-150x150.jpg 150w, https:\/\/haarasenmaki.fi\/wp-content\/uploads\/2025\/06\/susi-ja-kettu-768x768.jpg 768w, https:\/\/haarasenmaki.fi\/wp-content\/uploads\/2025\/06\/susi-ja-kettu-1536x1536.jpg 1536w, https:\/\/haarasenmaki.fi\/wp-content\/uploads\/2025\/06\/susi-ja-kettu.jpg 1556w\" sizes=\"auto, (max-width: 300px) 100vw, 300px\" \/><\/figure>\n<\/div>\n\n\n<h3 class=\"wp-block-heading has-text-align-center\">&nbsp;&nbsp; <\/h3>\n\n\n\n<h2 class=\"wp-block-heading has-text-align-center\">&nbsp;&nbsp;&nbsp;&nbsp;&nbsp;&nbsp;&nbsp; &nbsp;\u201cTassunj\u00e4lki\u00e4 t\u00e4ynn\u00e4 iloa!\u201d<\/h2>\n\n\n\n<p><\/p>\n","protected":false},"excerpt":{"rendered":"<p>Tervetuloa Haarasenm\u00e4en Maskottipihaan! Paikkaan, jossa luonto her\u00e4\u00e4 eloon ja hymy on herk\u00e4ss\u00e4. T\u00e4\u00e4ll\u00e4 sinua odottavat mets\u00e4n veikeimm\u00e4t asukkaat omissa pikkutaloissaan: Reima -kettu , Sulo -susi ja Urho-karhu! N\u00e4m\u00e4 kaverit ovat aina valmiina pehmoisiin haleihin, hassutteluun ja yhteisiin seikkailuihin. Kurkista sis\u00e4lle pieniin taloihin ja tule leikkim\u00e4\u00e4n yhdess\u00e4! Maskottipihasta l\u00f6ytyy Mauri Muikun teht\u00e4v\u00e4polku, trampoliini, v\u00e4rityskuvia ja paljon&#8230;<\/p>\n","protected":false},"author":1,"featured_media":0,"parent":0,"menu_order":0,"comment_status":"closed","ping_status":"closed","template":"","meta":{"_kadence_starter_templates_imported_post":false,"_kad_post_transparent":"","_kad_post_title":"","_kad_post_layout":"","_kad_post_sidebar_id":"","_kad_post_content_style":"","_kad_post_vertical_padding":"","_kad_post_feature":"","_kad_post_feature_position":"","_kad_post_header":false,"_kad_post_footer":false,"footnotes":""},"class_list":["post-45","page","type-page","status-publish","hentry"],"jetpack_sharing_enabled":true,"_links":{"self":[{"href":"https:\/\/haarasenmaki.fi\/index.php\/wp-json\/wp\/v2\/pages\/45","targetHints":{"allow":["GET"]}}],"collection":[{"href":"https:\/\/haarasenmaki.fi\/index.php\/wp-json\/wp\/v2\/pages"}],"about":[{"href":"https:\/\/haarasenmaki.fi\/index.php\/wp-json\/wp\/v2\/types\/page"}],"author":[{"embeddable":true,"href":"https:\/\/haarasenmaki.fi\/index.php\/wp-json\/wp\/v2\/users\/1"}],"replies":[{"embeddable":true,"href":"https:\/\/haarasenmaki.fi\/index.php\/wp-json\/wp\/v2\/comments?post=45"}],"version-history":[{"count":16,"href":"https:\/\/haarasenmaki.fi\/index.php\/wp-json\/wp\/v2\/pages\/45\/revisions"}],"predecessor-version":[{"id":300,"href":"https:\/\/haarasenmaki.fi\/index.php\/wp-json\/wp\/v2\/pages\/45\/revisions\/300"}],"wp:attachment":[{"href":"https:\/\/haarasenmaki.fi\/index.php\/wp-json\/wp\/v2\/media?parent=45"}],"curies":[{"name":"wp","href":"https:\/\/api.w.org\/{rel}","templated":true}]}}