{"id":48,"date":"2025-06-26T14:59:27","date_gmt":"2025-06-26T14:59:27","guid":{"rendered":"https:\/\/haarasenmaki.fi\/?page_id=48"},"modified":"2025-06-26T15:05:18","modified_gmt":"2025-06-26T15:05:18","slug":"haarasenmaen-historia","status":"publish","type":"page","link":"https:\/\/haarasenmaki.fi\/index.php\/haarasenmaen-historia\/","title":{"rendered":"Haarasenm\u00e4en historia"},"content":{"rendered":"\n<p>Haarasenm\u00e4ki on ollut Tarvaalan maanviljelyskoulun torppa. Tila on muodostettu itsen\u00e4iseksi tilaksi vuonna 1928. Tilan rakennuskanta on 1800-1900 -luvun vaihteesta. Haarasenm\u00e4en rakennukset muodostavat rakennushistorialtaan maakunnallisesti merkitt\u00e4v\u00e4n maatilakokonaisuuden. Rakennukset ovat s\u00e4ilyneet alkuper\u00e4isess\u00e4 asussaan poikkeuksellisen hyvin ja muutoksia on tehty rakennusten rakennustyyli\u00e4 kunnioittaen. Aikanaan Haarasenm\u00e4ess\u00e4 oli rakennusteknisi\u00e4 uudistuksia, joita edustivat isot kellarit, vesijohto ja s\u00e4rkykivinavetta.<\/p>\n\n\n<div class=\"wp-block-image\">\n<figure class=\"aligncenter size-large\"><img loading=\"lazy\" decoding=\"async\" width=\"1024\" height=\"706\" src=\"https:\/\/haarasenmaki.fi\/wp-content\/uploads\/2025\/05\/ksm.158386785220300-0-master-1024x706.jpg\" alt=\"\" class=\"wp-image-89\" srcset=\"https:\/\/haarasenmaki.fi\/wp-content\/uploads\/2025\/05\/ksm.158386785220300-0-master-1024x706.jpg 1024w, https:\/\/haarasenmaki.fi\/wp-content\/uploads\/2025\/05\/ksm.158386785220300-0-master-300x207.jpg 300w, https:\/\/haarasenmaki.fi\/wp-content\/uploads\/2025\/05\/ksm.158386785220300-0-master-768x529.jpg 768w, https:\/\/haarasenmaki.fi\/wp-content\/uploads\/2025\/05\/ksm.158386785220300-0-master.jpg 1500w\" sizes=\"auto, (max-width: 1024px) 100vw, 1024px\" \/><figcaption class=\"wp-element-caption\">Tarvaalan maanviljelyskoulun Haarasenm\u00e4en torppa, Kuva: Fredrik Willhelm L\u00f6nn (1900-1915) Keski-Suomen Museon kuva-arkisto<\/figcaption><\/figure>\n<\/div>\n\n\n<p><\/p>\n\n\n\n<h1 class=\"wp-block-heading\"><\/h1>\n\n\n\n<div class=\"wp-block-jetpack-slideshow aligncenter is-style-rectangular\" data-effect=\"slide\"><div class=\"wp-block-jetpack-slideshow_container swiper-container\"><ul class=\"wp-block-jetpack-slideshow_swiper-wrapper swiper-wrapper\"><li class=\"wp-block-jetpack-slideshow_slide swiper-slide\"><figure><img loading=\"lazy\" decoding=\"async\" width=\"512\" height=\"512\" alt=\"\" class=\"wp-block-jetpack-slideshow_image wp-image-68\" data-id=\"68\" src=\"https:\/\/haarasenmaki.fi\/wp-content\/uploads\/2025\/05\/cropped-hmaki-kukat.jpg\" srcset=\"https:\/\/haarasenmaki.fi\/wp-content\/uploads\/2025\/05\/cropped-hmaki-kukat.jpg 512w, https:\/\/haarasenmaki.fi\/wp-content\/uploads\/2025\/05\/cropped-hmaki-kukat-300x300.jpg 300w, https:\/\/haarasenmaki.fi\/wp-content\/uploads\/2025\/05\/cropped-hmaki-kukat-150x150.jpg 150w, https:\/\/haarasenmaki.fi\/wp-content\/uploads\/2025\/05\/cropped-hmaki-kukat-270x270.jpg 270w, https:\/\/haarasenmaki.fi\/wp-content\/uploads\/2025\/05\/cropped-hmaki-kukat-192x192.jpg 192w, https:\/\/haarasenmaki.fi\/wp-content\/uploads\/2025\/05\/cropped-hmaki-kukat-180x180.jpg 180w, https:\/\/haarasenmaki.fi\/wp-content\/uploads\/2025\/05\/cropped-hmaki-kukat-32x32.jpg 32w\" sizes=\"auto, (max-width: 512px) 100vw, 512px\" \/><\/figure><\/li><li class=\"wp-block-jetpack-slideshow_slide swiper-slide\"><figure><img loading=\"lazy\" decoding=\"async\" width=\"636\" height=\"960\" alt=\"\" class=\"wp-block-jetpack-slideshow_image wp-image-179\" data-id=\"179\" src=\"https:\/\/haarasenmaki.fi\/wp-content\/uploads\/2025\/06\/493919233_3142776849210903_8613075272638181459_n.jpg\" srcset=\"https:\/\/haarasenmaki.fi\/wp-content\/uploads\/2025\/06\/493919233_3142776849210903_8613075272638181459_n.jpg 636w, https:\/\/haarasenmaki.fi\/wp-content\/uploads\/2025\/06\/493919233_3142776849210903_8613075272638181459_n-199x300.jpg 199w\" sizes=\"auto, (max-width: 636px) 100vw, 636px\" \/><\/figure><\/li><li class=\"wp-block-jetpack-slideshow_slide swiper-slide\"><figure><img loading=\"lazy\" decoding=\"async\" width=\"636\" height=\"960\" alt=\"\" class=\"wp-block-jetpack-slideshow_image wp-image-186\" data-id=\"186\" src=\"https:\/\/haarasenmaki.fi\/wp-content\/uploads\/2025\/06\/493610649_3142772982544623_7976699214074856447_n.jpg\" srcset=\"https:\/\/haarasenmaki.fi\/wp-content\/uploads\/2025\/06\/493610649_3142772982544623_7976699214074856447_n.jpg 636w, https:\/\/haarasenmaki.fi\/wp-content\/uploads\/2025\/06\/493610649_3142772982544623_7976699214074856447_n-199x300.jpg 199w\" sizes=\"auto, (max-width: 636px) 100vw, 636px\" \/><\/figure><\/li><li class=\"wp-block-jetpack-slideshow_slide swiper-slide\"><figure><img loading=\"lazy\" decoding=\"async\" width=\"960\" height=\"636\" alt=\"\" class=\"wp-block-jetpack-slideshow_image wp-image-182\" data-id=\"182\" src=\"https:\/\/haarasenmaki.fi\/wp-content\/uploads\/2025\/06\/493082266_3142773059211282_1101802255122831770_n.jpg\" srcset=\"https:\/\/haarasenmaki.fi\/wp-content\/uploads\/2025\/06\/493082266_3142773059211282_1101802255122831770_n.jpg 960w, https:\/\/haarasenmaki.fi\/wp-content\/uploads\/2025\/06\/493082266_3142773059211282_1101802255122831770_n-300x199.jpg 300w, https:\/\/haarasenmaki.fi\/wp-content\/uploads\/2025\/06\/493082266_3142773059211282_1101802255122831770_n-768x509.jpg 768w\" sizes=\"auto, (max-width: 960px) 100vw, 960px\" \/><\/figure><\/li><li class=\"wp-block-jetpack-slideshow_slide swiper-slide\"><figure><img loading=\"lazy\" decoding=\"async\" width=\"960\" height=\"636\" alt=\"\" class=\"wp-block-jetpack-slideshow_image wp-image-172\" data-id=\"172\" src=\"https:\/\/haarasenmaki.fi\/wp-content\/uploads\/2025\/06\/492726100_3142772995877955_2701330397213779577_n.jpg\" srcset=\"https:\/\/haarasenmaki.fi\/wp-content\/uploads\/2025\/06\/492726100_3142772995877955_2701330397213779577_n.jpg 960w, https:\/\/haarasenmaki.fi\/wp-content\/uploads\/2025\/06\/492726100_3142772995877955_2701330397213779577_n-300x199.jpg 300w, https:\/\/haarasenmaki.fi\/wp-content\/uploads\/2025\/06\/492726100_3142772995877955_2701330397213779577_n-768x509.jpg 768w\" sizes=\"auto, (max-width: 960px) 100vw, 960px\" \/><\/figure><\/li><li class=\"wp-block-jetpack-slideshow_slide swiper-slide\"><figure><img loading=\"lazy\" decoding=\"async\" width=\"636\" height=\"960\" alt=\"\" class=\"wp-block-jetpack-slideshow_image wp-image-171\" data-id=\"171\" src=\"https:\/\/haarasenmaki.fi\/wp-content\/uploads\/2025\/06\/492662268_3142773062544615_4441078172680918301_n.jpg\" srcset=\"https:\/\/haarasenmaki.fi\/wp-content\/uploads\/2025\/06\/492662268_3142773062544615_4441078172680918301_n.jpg 636w, https:\/\/haarasenmaki.fi\/wp-content\/uploads\/2025\/06\/492662268_3142773062544615_4441078172680918301_n-199x300.jpg 199w\" sizes=\"auto, (max-width: 636px) 100vw, 636px\" \/><\/figure><\/li><li class=\"wp-block-jetpack-slideshow_slide swiper-slide\"><figure><img loading=\"lazy\" decoding=\"async\" width=\"960\" height=\"636\" alt=\"\" class=\"wp-block-jetpack-slideshow_image wp-image-174\" data-id=\"174\" src=\"https:\/\/haarasenmaki.fi\/wp-content\/uploads\/2025\/06\/493056310_3142773009211287_2512131338696705891_n.jpg\" srcset=\"https:\/\/haarasenmaki.fi\/wp-content\/uploads\/2025\/06\/493056310_3142773009211287_2512131338696705891_n.jpg 960w, https:\/\/haarasenmaki.fi\/wp-content\/uploads\/2025\/06\/493056310_3142773009211287_2512131338696705891_n-300x199.jpg 300w, https:\/\/haarasenmaki.fi\/wp-content\/uploads\/2025\/06\/493056310_3142773009211287_2512131338696705891_n-768x509.jpg 768w\" sizes=\"auto, (max-width: 960px) 100vw, 960px\" \/><\/figure><\/li><li class=\"wp-block-jetpack-slideshow_slide swiper-slide\"><figure><img loading=\"lazy\" decoding=\"async\" width=\"960\" height=\"636\" alt=\"\" class=\"wp-block-jetpack-slideshow_image wp-image-176\" data-id=\"176\" src=\"https:\/\/haarasenmaki.fi\/wp-content\/uploads\/2025\/06\/493296178_3144818789006709_1238957814141818548_n.jpg\" srcset=\"https:\/\/haarasenmaki.fi\/wp-content\/uploads\/2025\/06\/493296178_3144818789006709_1238957814141818548_n.jpg 960w, https:\/\/haarasenmaki.fi\/wp-content\/uploads\/2025\/06\/493296178_3144818789006709_1238957814141818548_n-300x199.jpg 300w, https:\/\/haarasenmaki.fi\/wp-content\/uploads\/2025\/06\/493296178_3144818789006709_1238957814141818548_n-768x509.jpg 768w\" sizes=\"auto, (max-width: 960px) 100vw, 960px\" \/><\/figure><\/li><li class=\"wp-block-jetpack-slideshow_slide swiper-slide\"><figure><img loading=\"lazy\" decoding=\"async\" width=\"512\" height=\"512\" alt=\"\" class=\"wp-block-jetpack-slideshow_image wp-image-38\" data-id=\"38\" src=\"https:\/\/haarasenmaki.fi\/wp-content\/uploads\/2025\/02\/cropped-P1000275-scaled-1.jpg\" srcset=\"https:\/\/haarasenmaki.fi\/wp-content\/uploads\/2025\/02\/cropped-P1000275-scaled-1.jpg 512w, https:\/\/haarasenmaki.fi\/wp-content\/uploads\/2025\/02\/cropped-P1000275-scaled-1-300x300.jpg 300w, https:\/\/haarasenmaki.fi\/wp-content\/uploads\/2025\/02\/cropped-P1000275-scaled-1-150x150.jpg 150w, https:\/\/haarasenmaki.fi\/wp-content\/uploads\/2025\/02\/cropped-P1000275-scaled-1-270x270.jpg 270w, https:\/\/haarasenmaki.fi\/wp-content\/uploads\/2025\/02\/cropped-P1000275-scaled-1-192x192.jpg 192w, https:\/\/haarasenmaki.fi\/wp-content\/uploads\/2025\/02\/cropped-P1000275-scaled-1-180x180.jpg 180w, https:\/\/haarasenmaki.fi\/wp-content\/uploads\/2025\/02\/cropped-P1000275-scaled-1-32x32.jpg 32w\" sizes=\"auto, (max-width: 512px) 100vw, 512px\" \/><\/figure><\/li><li class=\"wp-block-jetpack-slideshow_slide swiper-slide\"><figure><img loading=\"lazy\" decoding=\"async\" width=\"577\" height=\"1024\" alt=\"\" class=\"wp-block-jetpack-slideshow_image wp-image-41\" data-id=\"41\" src=\"https:\/\/haarasenmaki.fi\/wp-content\/uploads\/2025\/02\/P1000280-577x1024.jpg\" srcset=\"https:\/\/haarasenmaki.fi\/wp-content\/uploads\/2025\/02\/P1000280-577x1024.jpg 577w, https:\/\/haarasenmaki.fi\/wp-content\/uploads\/2025\/02\/P1000280-169x300.jpg 169w, https:\/\/haarasenmaki.fi\/wp-content\/uploads\/2025\/02\/P1000280-768x1363.jpg 768w, https:\/\/haarasenmaki.fi\/wp-content\/uploads\/2025\/02\/P1000280-865x1536.jpg 865w, https:\/\/haarasenmaki.fi\/wp-content\/uploads\/2025\/02\/P1000280-1154x2048.jpg 1154w, https:\/\/haarasenmaki.fi\/wp-content\/uploads\/2025\/02\/P1000280-scaled.jpg 1442w\" sizes=\"auto, (max-width: 577px) 100vw, 577px\" \/><\/figure><\/li><\/ul><a class=\"wp-block-jetpack-slideshow_button-prev swiper-button-prev swiper-button-white\" role=\"button\"><\/a><a class=\"wp-block-jetpack-slideshow_button-next swiper-button-next swiper-button-white\" role=\"button\"><\/a><a aria-label=\"Pause Slideshow\" class=\"wp-block-jetpack-slideshow_button-pause\" role=\"button\"><\/a><div class=\"wp-block-jetpack-slideshow_pagination swiper-pagination swiper-pagination-white\"><\/div><\/div><\/div>\n\n\n\n<p><\/p>\n","protected":false},"excerpt":{"rendered":"<p>Haarasenm\u00e4ki on ollut Tarvaalan maanviljelyskoulun torppa. Tila on muodostettu itsen\u00e4iseksi tilaksi vuonna 1928. Tilan rakennuskanta on 1800-1900 -luvun vaihteesta. Haarasenm\u00e4en rakennukset muodostavat rakennushistorialtaan maakunnallisesti merkitt\u00e4v\u00e4n maatilakokonaisuuden. Rakennukset ovat s\u00e4ilyneet alkuper\u00e4isess\u00e4 asussaan poikkeuksellisen hyvin ja muutoksia on tehty rakennusten rakennustyyli\u00e4 kunnioittaen. Aikanaan Haarasenm\u00e4ess\u00e4 oli rakennusteknisi\u00e4 uudistuksia, joita edustivat isot kellarit, vesijohto ja s\u00e4rkykivinavetta.<\/p>\n","protected":false},"author":1,"featured_media":0,"parent":0,"menu_order":0,"comment_status":"closed","ping_status":"closed","template":"","meta":{"_kadence_starter_templates_imported_post":false,"_kad_post_transparent":"","_kad_post_title":"","_kad_post_layout":"","_kad_post_sidebar_id":"","_kad_post_content_style":"","_kad_post_vertical_padding":"","_kad_post_feature":"","_kad_post_feature_position":"","_kad_post_header":false,"_kad_post_footer":false,"footnotes":""},"class_list":["post-48","page","type-page","status-publish","hentry"],"jetpack_sharing_enabled":true,"_links":{"self":[{"href":"https:\/\/haarasenmaki.fi\/index.php\/wp-json\/wp\/v2\/pages\/48","targetHints":{"allow":["GET"]}}],"collection":[{"href":"https:\/\/haarasenmaki.fi\/index.php\/wp-json\/wp\/v2\/pages"}],"about":[{"href":"https:\/\/haarasenmaki.fi\/index.php\/wp-json\/wp\/v2\/types\/page"}],"author":[{"embeddable":true,"href":"https:\/\/haarasenmaki.fi\/index.php\/wp-json\/wp\/v2\/users\/1"}],"replies":[{"embeddable":true,"href":"https:\/\/haarasenmaki.fi\/index.php\/wp-json\/wp\/v2\/comments?post=48"}],"version-history":[{"count":8,"href":"https:\/\/haarasenmaki.fi\/index.php\/wp-json\/wp\/v2\/pages\/48\/revisions"}],"predecessor-version":[{"id":281,"href":"https:\/\/haarasenmaki.fi\/index.php\/wp-json\/wp\/v2\/pages\/48\/revisions\/281"}],"wp:attachment":[{"href":"https:\/\/haarasenmaki.fi\/index.php\/wp-json\/wp\/v2\/media?parent=48"}],"curies":[{"name":"wp","href":"https:\/\/api.w.org\/{rel}","templated":true}]}}