{"id":55,"date":"2025-06-26T14:59:27","date_gmt":"2025-06-26T14:59:27","guid":{"rendered":"https:\/\/haarasenmaki.fi\/?page_id=55"},"modified":"2025-06-26T15:10:14","modified_gmt":"2025-06-26T15:10:14","slug":"studio-takalo","status":"publish","type":"page","link":"https:\/\/haarasenmaki.fi\/index.php\/studio-takalo\/","title":{"rendered":"Studio Takalo"},"content":{"rendered":"\n<h2 class=\"wp-block-heading has-text-align-center\">Studio Takalo<\/h2>\n\n\n\n<p><strong>Studio Takalo<\/strong> on perheen johtama elokuvayritys, jonka toiminnassa yhdistyv\u00e4t sukupolvien osaaminen ja yhteinen visio. Yrityksen p\u00e4\u00e4suunnittelijana toimii <strong>Martti Takalo<\/strong>. Tytt\u00e4ret <strong>Jutta ja Monja Takalo<\/strong> vastaavat Studio Takalon tuotantojen maskeerauksesta ja visuaalisesta ilmeest\u00e4.<\/p>\n\n\n\n<p>Martti Takalo valittiin Saarij\u00e4rven Paavoksi 2024.<\/p>\n\n\n\n<p>Studio Takalon elokuvatuotantoja ovat muun muassa:<\/p>\n\n\n\n<ul class=\"wp-block-list\">\n<li><strong><a href=\"https:\/\/www.youtube.com\/watch?v=Ori0p8aE6vg\" data-type=\"link\" data-id=\"https:\/\/www.youtube.com\/watch?v=Ori0p8aE6vg\">Viimeiseen Pisaraan<\/a><\/strong> (2010)<\/li>\n\n\n\n<li> <strong><a href=\"https:\/\/www.youtube.com\/watch?v=WjwyxwMBy7c\" data-type=\"link\" data-id=\"https:\/\/aikashop.fi\/product\/1078\/pelkosenniemi-1939--unohdettu-taistelu\">Pelkosenniemi 1939 &#8211; unohdettu taistelu<\/a><\/strong> (2021)<\/li>\n\n\n\n<li> <a href=\"https:\/\/www.youtube.com\/watch?v=d3Uf8Vyp3U8\"><strong>Kuoleman list<\/strong>a<\/a> (2024)<\/li>\n\n\n\n<li>Tulossa: <a href=\"https:\/\/www.youtube.com\/watch?v=9xVI3Lu9hAo\" data-type=\"link\" data-id=\"https:\/\/www.youtube.com\/watch?v=9xVI3Lu9hAo\"> <strong>Runeberg <\/strong><\/a> (2025-)<\/li>\n<\/ul>\n\n\n\n<p>Trailerit l\u00f6ytyv\u00e4t <a href=\"https:\/\/www.youtube.com\/@studiotakalo\" data-type=\"link\" data-id=\"https:\/\/www.youtube.com\/@studiotakalo\">youtube.fi\/@studiotakalo<\/a><\/p>\n\n\n\n<p>Studio Takalon elokuvia voi hankkia DVD-muodossa. Tiedustelut ja lis\u00e4tietoa saat s\u00e4hk\u00f6postitse osoitteesta <strong>studiotakaloelokuvat@gmail.com<\/strong> tai voit tehd\u00e4 tilauksen suoraan nettikaupasta <strong><a href=\"https:\/\/aikashop.fi\/\" data-type=\"link\" data-id=\"https:\/\/aikashop.fi\/\">aikashop.fi<\/a><\/strong><\/p>\n\n\n\n<p>Ajankohtaista tietoa l\u00f6yd\u00e4t <a href=\"https:\/\/www.facebook.com\/pelkosenniemi1939\/?locale=fi_FI\" data-type=\"link\" data-id=\"https:\/\/www.facebook.com\/pelkosenniemi1939\/?locale=fi_FI\">Studio Takalon<\/a> Facebook -sivuilta<\/p>\n\n\n\n<p class=\"has-text-align-center\">Kuvia elokuvasta: Runeberg &#8211; runon tie Saarij\u00e4rvelle:<\/p>\n\n\n\n<p><\/p>\n\n\n\n<div class=\"wp-block-jetpack-slideshow aligncenter is-style-rectangular\" data-effect=\"slide\"><div class=\"wp-block-jetpack-slideshow_container swiper-container\"><ul class=\"wp-block-jetpack-slideshow_swiper-wrapper swiper-wrapper\"><li class=\"wp-block-jetpack-slideshow_slide swiper-slide\"><figure><img loading=\"lazy\" decoding=\"async\" width=\"511\" height=\"768\" alt=\"Elokuvasta: Runeberg - runon tie Saarij\u00e4rvelle\" class=\"wp-block-jetpack-slideshow_image wp-image-244\" data-id=\"244\" src=\"https:\/\/haarasenmaki.fi\/wp-content\/uploads\/2025\/06\/DSC_7814.jpg\" srcset=\"https:\/\/haarasenmaki.fi\/wp-content\/uploads\/2025\/06\/DSC_7814.jpg 511w, https:\/\/haarasenmaki.fi\/wp-content\/uploads\/2025\/06\/DSC_7814-200x300.jpg 200w\" sizes=\"auto, (max-width: 511px) 100vw, 511px\" \/><\/figure><\/li><li class=\"wp-block-jetpack-slideshow_slide swiper-slide\"><figure><img loading=\"lazy\" decoding=\"async\" width=\"1024\" height=\"520\" alt=\"\" class=\"wp-block-jetpack-slideshow_image wp-image-247\" data-id=\"247\" src=\"https:\/\/haarasenmaki.fi\/wp-content\/uploads\/2025\/06\/Still0529_00000-\u2013-kopio-1024x520.png\" srcset=\"https:\/\/haarasenmaki.fi\/wp-content\/uploads\/2025\/06\/Still0529_00000-\u2013-kopio-1024x520.png 1024w, https:\/\/haarasenmaki.fi\/wp-content\/uploads\/2025\/06\/Still0529_00000-\u2013-kopio-300x152.png 300w, https:\/\/haarasenmaki.fi\/wp-content\/uploads\/2025\/06\/Still0529_00000-\u2013-kopio-768x390.png 768w, https:\/\/haarasenmaki.fi\/wp-content\/uploads\/2025\/06\/Still0529_00000-\u2013-kopio.png 1527w\" sizes=\"auto, (max-width: 1024px) 100vw, 1024px\" \/><\/figure><\/li><li class=\"wp-block-jetpack-slideshow_slide swiper-slide\"><figure><img loading=\"lazy\" decoding=\"async\" width=\"1024\" height=\"576\" alt=\"\" class=\"wp-block-jetpack-slideshow_image wp-image-250\" data-id=\"250\" src=\"https:\/\/haarasenmaki.fi\/wp-content\/uploads\/2025\/06\/Still0624_00000-1024x576.png\" srcset=\"https:\/\/haarasenmaki.fi\/wp-content\/uploads\/2025\/06\/Still0624_00000-1024x576.png 1024w, https:\/\/haarasenmaki.fi\/wp-content\/uploads\/2025\/06\/Still0624_00000-300x169.png 300w, https:\/\/haarasenmaki.fi\/wp-content\/uploads\/2025\/06\/Still0624_00000-768x432.png 768w, https:\/\/haarasenmaki.fi\/wp-content\/uploads\/2025\/06\/Still0624_00000-1536x864.png 1536w, https:\/\/haarasenmaki.fi\/wp-content\/uploads\/2025\/06\/Still0624_00000.png 1920w\" sizes=\"auto, (max-width: 1024px) 100vw, 1024px\" \/><\/figure><\/li><li class=\"wp-block-jetpack-slideshow_slide swiper-slide\"><figure><img loading=\"lazy\" decoding=\"async\" width=\"1024\" height=\"576\" alt=\"\" class=\"wp-block-jetpack-slideshow_image wp-image-249\" data-id=\"249\" src=\"https:\/\/haarasenmaki.fi\/wp-content\/uploads\/2025\/06\/Still0529_00003-\u2013-kopio-1024x576.png\" srcset=\"https:\/\/haarasenmaki.fi\/wp-content\/uploads\/2025\/06\/Still0529_00003-\u2013-kopio-1024x576.png 1024w, https:\/\/haarasenmaki.fi\/wp-content\/uploads\/2025\/06\/Still0529_00003-\u2013-kopio-300x169.png 300w, https:\/\/haarasenmaki.fi\/wp-content\/uploads\/2025\/06\/Still0529_00003-\u2013-kopio-768x432.png 768w, https:\/\/haarasenmaki.fi\/wp-content\/uploads\/2025\/06\/Still0529_00003-\u2013-kopio-1536x864.png 1536w, https:\/\/haarasenmaki.fi\/wp-content\/uploads\/2025\/06\/Still0529_00003-\u2013-kopio.png 1920w\" sizes=\"auto, (max-width: 1024px) 100vw, 1024px\" \/><\/figure><\/li><li class=\"wp-block-jetpack-slideshow_slide swiper-slide\"><figure><img loading=\"lazy\" decoding=\"async\" width=\"511\" height=\"768\" alt=\"\" class=\"wp-block-jetpack-slideshow_image wp-image-245\" data-id=\"245\" src=\"https:\/\/haarasenmaki.fi\/wp-content\/uploads\/2025\/06\/DSC_7922.jpg\" srcset=\"https:\/\/haarasenmaki.fi\/wp-content\/uploads\/2025\/06\/DSC_7922.jpg 511w, https:\/\/haarasenmaki.fi\/wp-content\/uploads\/2025\/06\/DSC_7922-200x300.jpg 200w\" sizes=\"auto, (max-width: 511px) 100vw, 511px\" \/><\/figure><\/li><\/ul><a class=\"wp-block-jetpack-slideshow_button-prev swiper-button-prev swiper-button-white\" role=\"button\"><\/a><a class=\"wp-block-jetpack-slideshow_button-next swiper-button-next swiper-button-white\" role=\"button\"><\/a><a aria-label=\"Pause Slideshow\" class=\"wp-block-jetpack-slideshow_button-pause\" role=\"button\"><\/a><div class=\"wp-block-jetpack-slideshow_pagination swiper-pagination swiper-pagination-white\"><\/div><\/div><\/div>\n\n\n\n<div class=\"wp-block-jetpack-slideshow aligncenter is-style-rectangular\" data-effect=\"slide\"><div class=\"wp-block-jetpack-slideshow_container swiper-container\"><ul class=\"wp-block-jetpack-slideshow_swiper-wrapper swiper-wrapper\"><li class=\"wp-block-jetpack-slideshow_slide swiper-slide\"><figure><img loading=\"lazy\" decoding=\"async\" width=\"741\" height=\"1024\" alt=\"\" class=\"wp-block-jetpack-slideshow_image wp-image-155\" data-id=\"155\" src=\"https:\/\/haarasenmaki.fi\/wp-content\/uploads\/2025\/06\/Pelkosenniemi-DVD-mainos-ei-tekstia-2-741x1024.jpg\" srcset=\"https:\/\/haarasenmaki.fi\/wp-content\/uploads\/2025\/06\/Pelkosenniemi-DVD-mainos-ei-tekstia-2-741x1024.jpg 741w, https:\/\/haarasenmaki.fi\/wp-content\/uploads\/2025\/06\/Pelkosenniemi-DVD-mainos-ei-tekstia-2-217x300.jpg 217w, https:\/\/haarasenmaki.fi\/wp-content\/uploads\/2025\/06\/Pelkosenniemi-DVD-mainos-ei-tekstia-2-768x1061.jpg 768w, https:\/\/haarasenmaki.fi\/wp-content\/uploads\/2025\/06\/Pelkosenniemi-DVD-mainos-ei-tekstia-2-1112x1536.jpg 1112w, https:\/\/haarasenmaki.fi\/wp-content\/uploads\/2025\/06\/Pelkosenniemi-DVD-mainos-ei-tekstia-2-1483x2048.jpg 1483w, https:\/\/haarasenmaki.fi\/wp-content\/uploads\/2025\/06\/Pelkosenniemi-DVD-mainos-ei-tekstia-2-scaled.jpg 1854w\" sizes=\"auto, (max-width: 741px) 100vw, 741px\" \/><\/figure><\/li><li class=\"wp-block-jetpack-slideshow_slide swiper-slide\"><figure><img loading=\"lazy\" decoding=\"async\" width=\"1024\" height=\"994\" alt=\"\" class=\"wp-block-jetpack-slideshow_image wp-image-156\" data-id=\"156\" src=\"https:\/\/haarasenmaki.fi\/wp-content\/uploads\/2025\/06\/Kuvat-2-1-scaled-e1750941454923-1024x994.jpg\" srcset=\"https:\/\/haarasenmaki.fi\/wp-content\/uploads\/2025\/06\/Kuvat-2-1-scaled-e1750941454923-1024x994.jpg 1024w, https:\/\/haarasenmaki.fi\/wp-content\/uploads\/2025\/06\/Kuvat-2-1-scaled-e1750941454923-300x291.jpg 300w, https:\/\/haarasenmaki.fi\/wp-content\/uploads\/2025\/06\/Kuvat-2-1-scaled-e1750941454923-768x746.jpg 768w, https:\/\/haarasenmaki.fi\/wp-content\/uploads\/2025\/06\/Kuvat-2-1-scaled-e1750941454923-1536x1491.jpg 1536w, https:\/\/haarasenmaki.fi\/wp-content\/uploads\/2025\/06\/Kuvat-2-1-scaled-e1750941454923.jpg 1758w\" sizes=\"auto, (max-width: 1024px) 100vw, 1024px\" \/><\/figure><\/li><li class=\"wp-block-jetpack-slideshow_slide swiper-slide\"><figure><img loading=\"lazy\" decoding=\"async\" width=\"800\" height=\"800\" alt=\"\" class=\"wp-block-jetpack-slideshow_image wp-image-170\" data-id=\"170\" src=\"https:\/\/haarasenmaki.fi\/wp-content\/uploads\/2025\/06\/420983414_861474375993833_8213646719142889458_n.jpg\" srcset=\"https:\/\/haarasenmaki.fi\/wp-content\/uploads\/2025\/06\/420983414_861474375993833_8213646719142889458_n.jpg 800w, https:\/\/haarasenmaki.fi\/wp-content\/uploads\/2025\/06\/420983414_861474375993833_8213646719142889458_n-300x300.jpg 300w, https:\/\/haarasenmaki.fi\/wp-content\/uploads\/2025\/06\/420983414_861474375993833_8213646719142889458_n-150x150.jpg 150w, https:\/\/haarasenmaki.fi\/wp-content\/uploads\/2025\/06\/420983414_861474375993833_8213646719142889458_n-768x768.jpg 768w\" sizes=\"auto, (max-width: 800px) 100vw, 800px\" \/><\/figure><\/li><\/ul><a class=\"wp-block-jetpack-slideshow_button-prev swiper-button-prev swiper-button-white\" role=\"button\"><\/a><a class=\"wp-block-jetpack-slideshow_button-next swiper-button-next swiper-button-white\" role=\"button\"><\/a><a aria-label=\"Pause Slideshow\" class=\"wp-block-jetpack-slideshow_button-pause\" role=\"button\"><\/a><div class=\"wp-block-jetpack-slideshow_pagination swiper-pagination swiper-pagination-white\"><\/div><\/div><\/div>\n","protected":false},"excerpt":{"rendered":"<p>Studio Takalo Studio Takalo on perheen johtama elokuvayritys, jonka toiminnassa yhdistyv\u00e4t sukupolvien osaaminen ja yhteinen visio. Yrityksen p\u00e4\u00e4suunnittelijana toimii Martti Takalo. Tytt\u00e4ret Jutta ja Monja Takalo vastaavat Studio Takalon tuotantojen maskeerauksesta ja visuaalisesta ilmeest\u00e4. Martti Takalo valittiin Saarij\u00e4rven Paavoksi 2024. Studio Takalon elokuvatuotantoja ovat muun muassa: Trailerit l\u00f6ytyv\u00e4t youtube.fi\/@studiotakalo Studio Takalon elokuvia voi hankkia DVD-muodossa&#8230;.<\/p>\n","protected":false},"author":1,"featured_media":170,"parent":0,"menu_order":0,"comment_status":"closed","ping_status":"closed","template":"","meta":{"_kadence_starter_templates_imported_post":false,"_kad_post_transparent":"","_kad_post_title":"","_kad_post_layout":"","_kad_post_sidebar_id":"","_kad_post_content_style":"","_kad_post_vertical_padding":"","_kad_post_feature":"","_kad_post_feature_position":"","_kad_post_header":false,"_kad_post_footer":false,"footnotes":""},"class_list":["post-55","page","type-page","status-publish","has-post-thumbnail","hentry"],"jetpack_sharing_enabled":true,"_links":{"self":[{"href":"https:\/\/haarasenmaki.fi\/index.php\/wp-json\/wp\/v2\/pages\/55","targetHints":{"allow":["GET"]}}],"collection":[{"href":"https:\/\/haarasenmaki.fi\/index.php\/wp-json\/wp\/v2\/pages"}],"about":[{"href":"https:\/\/haarasenmaki.fi\/index.php\/wp-json\/wp\/v2\/types\/page"}],"author":[{"embeddable":true,"href":"https:\/\/haarasenmaki.fi\/index.php\/wp-json\/wp\/v2\/users\/1"}],"replies":[{"embeddable":true,"href":"https:\/\/haarasenmaki.fi\/index.php\/wp-json\/wp\/v2\/comments?post=55"}],"version-history":[{"count":10,"href":"https:\/\/haarasenmaki.fi\/index.php\/wp-json\/wp\/v2\/pages\/55\/revisions"}],"predecessor-version":[{"id":285,"href":"https:\/\/haarasenmaki.fi\/index.php\/wp-json\/wp\/v2\/pages\/55\/revisions\/285"}],"wp:featuredmedia":[{"embeddable":true,"href":"https:\/\/haarasenmaki.fi\/index.php\/wp-json\/wp\/v2\/media\/170"}],"wp:attachment":[{"href":"https:\/\/haarasenmaki.fi\/index.php\/wp-json\/wp\/v2\/media?parent=55"}],"curies":[{"name":"wp","href":"https:\/\/api.w.org\/{rel}","templated":true}]}}