{"id":56,"date":"2025-06-26T14:59:27","date_gmt":"2025-06-26T14:59:27","guid":{"rendered":"https:\/\/haarasenmaki.fi\/?page_id=56"},"modified":"2025-06-26T15:08:15","modified_gmt":"2025-06-26T15:08:15","slug":"twins-takalo","status":"publish","type":"page","link":"https:\/\/haarasenmaki.fi\/index.php\/twins-takalo\/","title":{"rendered":"Twins Takalo"},"content":{"rendered":"<div class=\"wp-block-image is-style-rounded\">\n<figure class=\"aligncenter size-medium\"><img loading=\"lazy\" decoding=\"async\" width=\"214\" height=\"300\" src=\"https:\/\/haarasenmaki.fi\/wp-content\/uploads\/2025\/06\/IMG_20230405_170009_393-214x300.jpg\" alt=\"\" class=\"wp-image-161\" srcset=\"https:\/\/haarasenmaki.fi\/wp-content\/uploads\/2025\/06\/IMG_20230405_170009_393-214x300.jpg 214w, https:\/\/haarasenmaki.fi\/wp-content\/uploads\/2025\/06\/IMG_20230405_170009_393-732x1024.jpg 732w, https:\/\/haarasenmaki.fi\/wp-content\/uploads\/2025\/06\/IMG_20230405_170009_393-768x1075.jpg 768w, https:\/\/haarasenmaki.fi\/wp-content\/uploads\/2025\/06\/IMG_20230405_170009_393-1097x1536.jpg 1097w, https:\/\/haarasenmaki.fi\/wp-content\/uploads\/2025\/06\/IMG_20230405_170009_393.jpg 1266w\" sizes=\"auto, (max-width: 214px) 100vw, 214px\" \/><\/figure>\n<\/div>\n\n\n<p class=\"has-text-align-center\">Kaksossiskot Jutta ja Monja Takalo muodostavat yhdess\u00e4 tiiminimen Twins Takalo ja ovat ammattimeikkaaja ja -maskeeraajia. Siskokset ty\u00f6skentelev\u00e4t yhdess\u00e4 p\u00e4\u00e4kaupunkiseudulla ja ovat osa Studio Takalo tuotantoryhm\u00e4\u00e4.<\/p>\n\n\n\n<p class=\"has-text-align-center\">Kaksosten k\u00e4denj\u00e4lke\u00e4 n\u00e4et sosiaalisesta median Instagramista nimell\u00e4 <a href=\"https:\/\/www.instagram.com\/twinstakalo\/\" data-type=\"link\" data-id=\"https:\/\/www.instagram.com\/twinstakalo\/\">Twins Takalo<\/a><\/p>\n\n\n\n<hr class=\"wp-block-separator has-alpha-channel-opacity\"\/>\n\n\n<div class=\"wp-block-image\">\n<figure class=\"aligncenter size-medium\"><img loading=\"lazy\" decoding=\"async\" width=\"300\" height=\"300\" src=\"https:\/\/haarasenmaki.fi\/wp-content\/uploads\/2025\/06\/tytot-300x300.jpg\" alt=\"\" class=\"wp-image-251\" srcset=\"https:\/\/haarasenmaki.fi\/wp-content\/uploads\/2025\/06\/tytot-300x300.jpg 300w, https:\/\/haarasenmaki.fi\/wp-content\/uploads\/2025\/06\/tytot-150x150.jpg 150w, https:\/\/haarasenmaki.fi\/wp-content\/uploads\/2025\/06\/tytot.jpg 597w\" sizes=\"auto, (max-width: 300px) 100vw, 300px\" \/><\/figure>\n<\/div>\n\n\n<h2 class=\"wp-block-heading has-text-align-center\"><strong>Aika Haarasenm\u00e4ess\u00e4 \u2013 Miss\u00e4 unelmat alkoivat<\/strong><\/h2>\n\n\n\n<p>Monjan ja Jutan, eli Twins Takalon, tarina ei ala mist\u00e4\u00e4n muualta kuin Haarasenm\u00e4est\u00e4. T\u00e4m\u00e4 idyllinen perinnetila oli enemm\u00e4n kuin lapsuuden koti; se oli ainutlaatuinen paikka, jossa sai kokea luovuutta, kauneutta ja sukupolvien v\u00e4list\u00e4 rakkautta, sek\u00e4 miss\u00e4 mielikuvitus sai lent\u00e4\u00e4. <a href=\"https:\/\/haarasenmaki.fi\/wp-admin\/post.php?post=31&amp;action=edit\" data-type=\"link\" data-id=\"https:\/\/haarasenmaki.fi\/wp-admin\/post.php?post=31&amp;action=edit\">Saara <\/a>-mummun taide ja <a href=\"https:\/\/haarasenmaki.fi\/wp-admin\/post.php?post=55&amp;action=edit\" data-type=\"link\" data-id=\"https:\/\/haarasenmaki.fi\/wp-admin\/post.php?post=55&amp;action=edit\">Martti <\/a>-is\u00e4n filmiprojektit ohjasivat luovuuteen, joka on antanut Monjalle ja Jutalle vankan pohjan heid\u00e4n nykyiseen taiteelliseen polkuunsa.<\/p>\n\n\n\n<details class=\"wp-block-details is-layout-flow wp-block-details-is-layout-flow\"><summary><\/summary>\n<div class=\"wp-block-columns is-layout-flex wp-container-core-columns-is-layout-9d6595d7 wp-block-columns-is-layout-flex\">\n<div class=\"wp-block-column is-layout-flow wp-block-column-is-layout-flow\" style=\"flex-basis:100%\">\n<figure class=\"wp-block-gallery has-nested-images columns-default is-cropped is-style-rectangular wp-block-gallery-1 is-layout-flex wp-block-gallery-is-layout-flex\">\n<figure class=\"wp-block-image size-large\"><img loading=\"lazy\" decoding=\"async\" width=\"1024\" height=\"768\" data-id=\"205\" src=\"https:\/\/haarasenmaki.fi\/wp-content\/uploads\/2025\/06\/P1017289-1024x768.jpg\" alt=\"\" class=\"wp-image-205\" srcset=\"https:\/\/haarasenmaki.fi\/wp-content\/uploads\/2025\/06\/P1017289-1024x768.jpg 1024w, https:\/\/haarasenmaki.fi\/wp-content\/uploads\/2025\/06\/P1017289-300x225.jpg 300w, https:\/\/haarasenmaki.fi\/wp-content\/uploads\/2025\/06\/P1017289-768x576.jpg 768w, https:\/\/haarasenmaki.fi\/wp-content\/uploads\/2025\/06\/P1017289-1536x1152.jpg 1536w, https:\/\/haarasenmaki.fi\/wp-content\/uploads\/2025\/06\/P1017289-2048x1536.jpg 2048w\" sizes=\"auto, (max-width: 1024px) 100vw, 1024px\" \/><\/figure>\n\n\n\n<figure class=\"wp-block-image size-large\"><img loading=\"lazy\" decoding=\"async\" width=\"1024\" height=\"768\" data-id=\"206\" src=\"https:\/\/haarasenmaki.fi\/wp-content\/uploads\/2025\/06\/P1017300-1024x768.jpg\" alt=\"\" class=\"wp-image-206\" srcset=\"https:\/\/haarasenmaki.fi\/wp-content\/uploads\/2025\/06\/P1017300-1024x768.jpg 1024w, https:\/\/haarasenmaki.fi\/wp-content\/uploads\/2025\/06\/P1017300-300x225.jpg 300w, https:\/\/haarasenmaki.fi\/wp-content\/uploads\/2025\/06\/P1017300-768x576.jpg 768w, https:\/\/haarasenmaki.fi\/wp-content\/uploads\/2025\/06\/P1017300-1536x1152.jpg 1536w, https:\/\/haarasenmaki.fi\/wp-content\/uploads\/2025\/06\/P1017300-2048x1536.jpg 2048w\" sizes=\"auto, (max-width: 1024px) 100vw, 1024px\" \/><\/figure>\n\n\n\n<figure class=\"wp-block-image size-large\"><img loading=\"lazy\" decoding=\"async\" width=\"1024\" height=\"768\" data-id=\"207\" src=\"https:\/\/haarasenmaki.fi\/wp-content\/uploads\/2025\/06\/P1017327-1024x768.jpg\" alt=\"\" class=\"wp-image-207\" srcset=\"https:\/\/haarasenmaki.fi\/wp-content\/uploads\/2025\/06\/P1017327-1024x768.jpg 1024w, https:\/\/haarasenmaki.fi\/wp-content\/uploads\/2025\/06\/P1017327-300x225.jpg 300w, https:\/\/haarasenmaki.fi\/wp-content\/uploads\/2025\/06\/P1017327-768x576.jpg 768w, https:\/\/haarasenmaki.fi\/wp-content\/uploads\/2025\/06\/P1017327-1536x1152.jpg 1536w, https:\/\/haarasenmaki.fi\/wp-content\/uploads\/2025\/06\/P1017327-2048x1536.jpg 2048w\" sizes=\"auto, (max-width: 1024px) 100vw, 1024px\" \/><\/figure>\n\n\n\n<figure class=\"wp-block-image size-large\"><img loading=\"lazy\" decoding=\"async\" width=\"768\" height=\"1024\" data-id=\"204\" src=\"https:\/\/haarasenmaki.fi\/wp-content\/uploads\/2025\/06\/P1017258-768x1024.jpg\" alt=\"\" class=\"wp-image-204\" srcset=\"https:\/\/haarasenmaki.fi\/wp-content\/uploads\/2025\/06\/P1017258-768x1024.jpg 768w, https:\/\/haarasenmaki.fi\/wp-content\/uploads\/2025\/06\/P1017258-225x300.jpg 225w, https:\/\/haarasenmaki.fi\/wp-content\/uploads\/2025\/06\/P1017258-1152x1536.jpg 1152w, https:\/\/haarasenmaki.fi\/wp-content\/uploads\/2025\/06\/P1017258-1536x2048.jpg 1536w, https:\/\/haarasenmaki.fi\/wp-content\/uploads\/2025\/06\/P1017258-scaled.jpg 1920w\" sizes=\"auto, (max-width: 768px) 100vw, 768px\" \/><\/figure>\n<\/figure>\n<\/div>\n<\/div>\n<\/details>\n\n\n\n<p class=\"has-text-align-center\">Jutta ja Monja Takalon taidetta. Aiheena Suomen puut.<\/p>\n\n\n\n<div class=\"wp-block-jetpack-slideshow aligncenter\" data-effect=\"slide\"><div class=\"wp-block-jetpack-slideshow_container swiper-container\"><ul class=\"wp-block-jetpack-slideshow_swiper-wrapper swiper-wrapper\"><li class=\"wp-block-jetpack-slideshow_slide swiper-slide\"><figure><img loading=\"lazy\" decoding=\"async\" width=\"1024\" height=\"768\" alt=\"\" class=\"wp-block-jetpack-slideshow_image wp-image-207\" data-id=\"207\" src=\"https:\/\/haarasenmaki.fi\/wp-content\/uploads\/2025\/06\/P1017327-1024x768.jpg\" srcset=\"https:\/\/haarasenmaki.fi\/wp-content\/uploads\/2025\/06\/P1017327-1024x768.jpg 1024w, https:\/\/haarasenmaki.fi\/wp-content\/uploads\/2025\/06\/P1017327-300x225.jpg 300w, https:\/\/haarasenmaki.fi\/wp-content\/uploads\/2025\/06\/P1017327-768x576.jpg 768w, https:\/\/haarasenmaki.fi\/wp-content\/uploads\/2025\/06\/P1017327-1536x1152.jpg 1536w, https:\/\/haarasenmaki.fi\/wp-content\/uploads\/2025\/06\/P1017327-2048x1536.jpg 2048w\" sizes=\"auto, (max-width: 1024px) 100vw, 1024px\" \/><figcaption class=\"wp-block-jetpack-slideshow_caption gallery-caption\">M\u00e4nty taulu: Twin Takalo<\/figcaption><\/figure><\/li><li class=\"wp-block-jetpack-slideshow_slide swiper-slide\"><figure><img loading=\"lazy\" decoding=\"async\" width=\"1024\" height=\"768\" alt=\"\" class=\"wp-block-jetpack-slideshow_image wp-image-206\" data-id=\"206\" src=\"https:\/\/haarasenmaki.fi\/wp-content\/uploads\/2025\/06\/P1017300-1024x768.jpg\" srcset=\"https:\/\/haarasenmaki.fi\/wp-content\/uploads\/2025\/06\/P1017300-1024x768.jpg 1024w, https:\/\/haarasenmaki.fi\/wp-content\/uploads\/2025\/06\/P1017300-300x225.jpg 300w, https:\/\/haarasenmaki.fi\/wp-content\/uploads\/2025\/06\/P1017300-768x576.jpg 768w, https:\/\/haarasenmaki.fi\/wp-content\/uploads\/2025\/06\/P1017300-1536x1152.jpg 1536w, https:\/\/haarasenmaki.fi\/wp-content\/uploads\/2025\/06\/P1017300-2048x1536.jpg 2048w\" sizes=\"auto, (max-width: 1024px) 100vw, 1024px\" \/><figcaption class=\"wp-block-jetpack-slideshow_caption gallery-caption\">Kelo -taulu: Twins Takalo<\/figcaption><\/figure><\/li><li class=\"wp-block-jetpack-slideshow_slide swiper-slide\"><figure><img loading=\"lazy\" decoding=\"async\" width=\"1024\" height=\"768\" alt=\"\" class=\"wp-block-jetpack-slideshow_image wp-image-205\" data-id=\"205\" src=\"https:\/\/haarasenmaki.fi\/wp-content\/uploads\/2025\/06\/P1017289-1024x768.jpg\" srcset=\"https:\/\/haarasenmaki.fi\/wp-content\/uploads\/2025\/06\/P1017289-1024x768.jpg 1024w, https:\/\/haarasenmaki.fi\/wp-content\/uploads\/2025\/06\/P1017289-300x225.jpg 300w, https:\/\/haarasenmaki.fi\/wp-content\/uploads\/2025\/06\/P1017289-768x576.jpg 768w, https:\/\/haarasenmaki.fi\/wp-content\/uploads\/2025\/06\/P1017289-1536x1152.jpg 1536w, https:\/\/haarasenmaki.fi\/wp-content\/uploads\/2025\/06\/P1017289-2048x1536.jpg 2048w\" sizes=\"auto, (max-width: 1024px) 100vw, 1024px\" \/><figcaption class=\"wp-block-jetpack-slideshow_caption gallery-caption\">Koivu -taulu: Twins Takalo<\/figcaption><\/figure><\/li><li class=\"wp-block-jetpack-slideshow_slide swiper-slide\"><figure><img loading=\"lazy\" decoding=\"async\" width=\"768\" height=\"1024\" alt=\"\" class=\"wp-block-jetpack-slideshow_image wp-image-204\" data-id=\"204\" src=\"https:\/\/haarasenmaki.fi\/wp-content\/uploads\/2025\/06\/P1017258-768x1024.jpg\" srcset=\"https:\/\/haarasenmaki.fi\/wp-content\/uploads\/2025\/06\/P1017258-768x1024.jpg 768w, https:\/\/haarasenmaki.fi\/wp-content\/uploads\/2025\/06\/P1017258-225x300.jpg 225w, https:\/\/haarasenmaki.fi\/wp-content\/uploads\/2025\/06\/P1017258-1152x1536.jpg 1152w, https:\/\/haarasenmaki.fi\/wp-content\/uploads\/2025\/06\/P1017258-1536x2048.jpg 1536w, https:\/\/haarasenmaki.fi\/wp-content\/uploads\/2025\/06\/P1017258-scaled.jpg 1920w\" sizes=\"auto, (max-width: 768px) 100vw, 768px\" \/><figcaption class=\"wp-block-jetpack-slideshow_caption gallery-caption\">Hiiltynyt -taulu : Twins Takalo<\/figcaption><\/figure><\/li><\/ul><a class=\"wp-block-jetpack-slideshow_button-prev swiper-button-prev swiper-button-white\" role=\"button\"><\/a><a class=\"wp-block-jetpack-slideshow_button-next swiper-button-next swiper-button-white\" role=\"button\"><\/a><a aria-label=\"Pause Slideshow\" class=\"wp-block-jetpack-slideshow_button-pause\" role=\"button\"><\/a><div class=\"wp-block-jetpack-slideshow_pagination swiper-pagination swiper-pagination-white\"><\/div><\/div><\/div>\n","protected":false},"excerpt":{"rendered":"<p>Kaksossiskot Jutta ja Monja Takalo muodostavat yhdess\u00e4 tiiminimen Twins Takalo ja ovat ammattimeikkaaja ja -maskeeraajia. Siskokset ty\u00f6skentelev\u00e4t yhdess\u00e4 p\u00e4\u00e4kaupunkiseudulla ja ovat osa Studio Takalo tuotantoryhm\u00e4\u00e4. Kaksosten k\u00e4denj\u00e4lke\u00e4 n\u00e4et sosiaalisesta median Instagramista nimell\u00e4 Twins Takalo Aika Haarasenm\u00e4ess\u00e4 \u2013 Miss\u00e4 unelmat alkoivat Monjan ja Jutan, eli Twins Takalon, tarina ei ala mist\u00e4\u00e4n muualta kuin Haarasenm\u00e4est\u00e4. T\u00e4m\u00e4 idyllinen&#8230;<\/p>\n","protected":false},"author":1,"featured_media":110,"parent":0,"menu_order":0,"comment_status":"closed","ping_status":"closed","template":"","meta":{"_kadence_starter_templates_imported_post":false,"_kad_post_transparent":"","_kad_post_title":"","_kad_post_layout":"","_kad_post_sidebar_id":"","_kad_post_content_style":"","_kad_post_vertical_padding":"","_kad_post_feature":"","_kad_post_feature_position":"","_kad_post_header":false,"_kad_post_footer":false,"footnotes":""},"class_list":["post-56","page","type-page","status-publish","has-post-thumbnail","hentry"],"jetpack_sharing_enabled":true,"_links":{"self":[{"href":"https:\/\/haarasenmaki.fi\/index.php\/wp-json\/wp\/v2\/pages\/56","targetHints":{"allow":["GET"]}}],"collection":[{"href":"https:\/\/haarasenmaki.fi\/index.php\/wp-json\/wp\/v2\/pages"}],"about":[{"href":"https:\/\/haarasenmaki.fi\/index.php\/wp-json\/wp\/v2\/types\/page"}],"author":[{"embeddable":true,"href":"https:\/\/haarasenmaki.fi\/index.php\/wp-json\/wp\/v2\/users\/1"}],"replies":[{"embeddable":true,"href":"https:\/\/haarasenmaki.fi\/index.php\/wp-json\/wp\/v2\/comments?post=56"}],"version-history":[{"count":15,"href":"https:\/\/haarasenmaki.fi\/index.php\/wp-json\/wp\/v2\/pages\/56\/revisions"}],"predecessor-version":[{"id":283,"href":"https:\/\/haarasenmaki.fi\/index.php\/wp-json\/wp\/v2\/pages\/56\/revisions\/283"}],"wp:featuredmedia":[{"embeddable":true,"href":"https:\/\/haarasenmaki.fi\/index.php\/wp-json\/wp\/v2\/media\/110"}],"wp:attachment":[{"href":"https:\/\/haarasenmaki.fi\/index.php\/wp-json\/wp\/v2\/media?parent=56"}],"curies":[{"name":"wp","href":"https:\/\/api.w.org\/{rel}","templated":true}]}}